{"id":20,"date":"2023-02-02T12:09:54","date_gmt":"2023-02-02T11:09:54","guid":{"rendered":"https:\/\/mafiawanaca.com\/?page_id=20"},"modified":"2023-02-10T14:15:58","modified_gmt":"2023-02-10T13:15:58","slug":"accueil","status":"publish","type":"page","link":"https:\/\/mafiawanaca.com\/","title":{"rendered":"Accueil"},"content":{"rendered":"<p>[vc_row][vc_column width=\u00a0\u00bb1\/1&Prime;][vc_single_image media=\u00a0\u00bb60&Prime; media_width_percent=\u00a0\u00bb30&Prime; alignment=\u00a0\u00bbcenter\u00a0\u00bb css_animation=\u00a0\u00bbzoom-in\u00a0\u00bb animation_speed=\u00a0\u00bb800&Prime; uncode_shortcode_id=\u00a0\u00bb452488&Prime;][\/vc_column][\/vc_row]<\/p>\n","protected":false},"excerpt":{"rendered":"<p>[vc_row][vc_column width=\u00a0\u00bb1\/1&Prime;][vc_single_image media=\u00a0\u00bb60&Prime; media_width_percent=\u00a0\u00bb30&Prime; alignment=\u00a0\u00bbcenter\u00a0\u00bb css_animation=\u00a0\u00bbzoom-in\u00a0\u00bb animation_speed=\u00a0\u00bb800&Prime; uncode_shortcode_id=\u00a0\u00bb452488&Prime;][\/vc_column][\/vc_row]<\/p>\n","protected":false},"author":1,"featured_media":0,"parent":0,"menu_order":0,"comment_status":"closed","ping_status":"closed","template":"","meta":{"footnotes":""},"class_list":["post-20","page","type-page","status-publish","hentry"],"yoast_head":"<!-- This site is optimized with the Yoast SEO plugin v20.0 - https:\/\/yoast.com\/wordpress\/plugins\/seo\/ -->\n<title>Accueil - Mafia Wanaca<\/title>\n<meta name=\"description\" content=\"Mafia Wanaca Groupe Musique Cumbia Merengue Cuarteto Concert Fanfare D\u00e9ambulation Animation F\u00eate Live Accord\u00e9on Soubassophone Argentine Latino\" \/>\n<meta name=\"robots\" content=\"index, follow, max-snippet:-1, max-image-preview:large, max-video-preview:-1\" \/>\n<link rel=\"canonical\" href=\"https:\/\/mafiawanaca.com\/\" \/>\n<meta property=\"og:locale\" content=\"fr_FR\" \/>\n<meta property=\"og:type\" content=\"article\" \/>\n<meta property=\"og:title\" content=\"Accueil - Mafia Wanaca\" \/>\n<meta property=\"og:description\" content=\"Mafia Wanaca Groupe Musique Cumbia Merengue Cuarteto Concert Fanfare D\u00e9ambulation Animation F\u00eate Live Accord\u00e9on Soubassophone Argentine Latino\" \/>\n<meta property=\"og:url\" content=\"https:\/\/mafiawanaca.com\/\" \/>\n<meta property=\"og:site_name\" content=\"Mafia Wanaca\" \/>\n<meta property=\"article:publisher\" content=\"https:\/\/www.facebook.com\/profile.php?id=100044507647624\" \/>\n<meta property=\"article:modified_time\" content=\"2023-02-10T13:15:58+00:00\" \/>\n<meta name=\"twitter:card\" content=\"summary_large_image\" \/>\n<meta name=\"twitter:label1\" content=\"Dur\u00e9e de lecture estim\u00e9e\" \/>\n\t<meta name=\"twitter:data1\" content=\"1 minute\" \/>\n<script type=\"application\/ld+json\" class=\"yoast-schema-graph\">{\"@context\":\"https:\/\/schema.org\",\"@graph\":[{\"@type\":\"WebPage\",\"@id\":\"https:\/\/mafiawanaca.com\/\",\"url\":\"https:\/\/mafiawanaca.com\/\",\"name\":\"Accueil - Mafia Wanaca\",\"isPartOf\":{\"@id\":\"https:\/\/mafiawanaca.com\/#website\"},\"datePublished\":\"2023-02-02T11:09:54+00:00\",\"dateModified\":\"2023-02-10T13:15:58+00:00\",\"description\":\"Mafia Wanaca Groupe Musique Cumbia Merengue Cuarteto Concert Fanfare D\u00e9ambulation Animation F\u00eate Live Accord\u00e9on Soubassophone Argentine Latino\",\"breadcrumb\":{\"@id\":\"https:\/\/mafiawanaca.com\/#breadcrumb\"},\"inLanguage\":\"fr-FR\",\"potentialAction\":[{\"@type\":\"ReadAction\",\"target\":[\"https:\/\/mafiawanaca.com\/\"]}]},{\"@type\":\"BreadcrumbList\",\"@id\":\"https:\/\/mafiawanaca.com\/#breadcrumb\",\"itemListElement\":[{\"@type\":\"ListItem\",\"position\":1,\"name\":\"Accueil\",\"item\":\"https:\/\/mafiawanaca.com\/\"},{\"@type\":\"ListItem\",\"position\":2,\"name\":\"Accueil\"}]},{\"@type\":\"WebSite\",\"@id\":\"https:\/\/mafiawanaca.com\/#website\",\"url\":\"https:\/\/mafiawanaca.com\/\",\"name\":\"Mafia Wanaca\",\"description\":\"Cumbia clandestina\",\"publisher\":{\"@id\":\"https:\/\/mafiawanaca.com\/#organization\"},\"potentialAction\":[{\"@type\":\"SearchAction\",\"target\":{\"@type\":\"EntryPoint\",\"urlTemplate\":\"https:\/\/mafiawanaca.com\/?s={search_term_string}\"},\"query-input\":\"required name=search_term_string\"}],\"inLanguage\":\"fr-FR\"},{\"@type\":\"Organization\",\"@id\":\"https:\/\/mafiawanaca.com\/#organization\",\"name\":\"Mafia Wanaca\",\"url\":\"https:\/\/mafiawanaca.com\/\",\"logo\":{\"@type\":\"ImageObject\",\"inLanguage\":\"fr-FR\",\"@id\":\"https:\/\/mafiawanaca.com\/#\/schema\/logo\/image\/\",\"url\":\"https:\/\/mafiawanaca.com\/wp-content\/uploads\/2023\/02\/logo.gif\",\"contentUrl\":\"https:\/\/mafiawanaca.com\/wp-content\/uploads\/2023\/02\/logo.gif\",\"width\":270,\"height\":419,\"caption\":\"Mafia Wanaca\"},\"image\":{\"@id\":\"https:\/\/mafiawanaca.com\/#\/schema\/logo\/image\/\"},\"sameAs\":[\"https:\/\/www.instagram.com\/mafiawanaca\/?hl=fr\",\"https:\/\/www.facebook.com\/profile.php?id=100044507647624\"]}]}<\/script>\n<!-- \/ Yoast SEO plugin. -->","yoast_head_json":{"title":"Accueil - Mafia Wanaca","description":"Mafia Wanaca Groupe Musique Cumbia Merengue Cuarteto Concert Fanfare D\u00e9ambulation Animation F\u00eate Live Accord\u00e9on Soubassophone Argentine Latino","robots":{"index":"index","follow":"follow","max-snippet":"max-snippet:-1","max-image-preview":"max-image-preview:large","max-video-preview":"max-video-preview:-1"},"canonical":"https:\/\/mafiawanaca.com\/","og_locale":"fr_FR","og_type":"article","og_title":"Accueil - Mafia Wanaca","og_description":"Mafia Wanaca Groupe Musique Cumbia Merengue Cuarteto Concert Fanfare D\u00e9ambulation Animation F\u00eate Live Accord\u00e9on Soubassophone Argentine Latino","og_url":"https:\/\/mafiawanaca.com\/","og_site_name":"Mafia Wanaca","article_publisher":"https:\/\/www.facebook.com\/profile.php?id=100044507647624","article_modified_time":"2023-02-10T13:15:58+00:00","twitter_card":"summary_large_image","twitter_misc":{"Dur\u00e9e de lecture estim\u00e9e":"1 minute"},"schema":{"@context":"https:\/\/schema.org","@graph":[{"@type":"WebPage","@id":"https:\/\/mafiawanaca.com\/","url":"https:\/\/mafiawanaca.com\/","name":"Accueil - Mafia Wanaca","isPartOf":{"@id":"https:\/\/mafiawanaca.com\/#website"},"datePublished":"2023-02-02T11:09:54+00:00","dateModified":"2023-02-10T13:15:58+00:00","description":"Mafia Wanaca Groupe Musique Cumbia Merengue Cuarteto Concert Fanfare D\u00e9ambulation Animation F\u00eate Live Accord\u00e9on Soubassophone Argentine Latino","breadcrumb":{"@id":"https:\/\/mafiawanaca.com\/#breadcrumb"},"inLanguage":"fr-FR","potentialAction":[{"@type":"ReadAction","target":["https:\/\/mafiawanaca.com\/"]}]},{"@type":"BreadcrumbList","@id":"https:\/\/mafiawanaca.com\/#breadcrumb","itemListElement":[{"@type":"ListItem","position":1,"name":"Accueil","item":"https:\/\/mafiawanaca.com\/"},{"@type":"ListItem","position":2,"name":"Accueil"}]},{"@type":"WebSite","@id":"https:\/\/mafiawanaca.com\/#website","url":"https:\/\/mafiawanaca.com\/","name":"Mafia Wanaca","description":"Cumbia clandestina","publisher":{"@id":"https:\/\/mafiawanaca.com\/#organization"},"potentialAction":[{"@type":"SearchAction","target":{"@type":"EntryPoint","urlTemplate":"https:\/\/mafiawanaca.com\/?s={search_term_string}"},"query-input":"required name=search_term_string"}],"inLanguage":"fr-FR"},{"@type":"Organization","@id":"https:\/\/mafiawanaca.com\/#organization","name":"Mafia Wanaca","url":"https:\/\/mafiawanaca.com\/","logo":{"@type":"ImageObject","inLanguage":"fr-FR","@id":"https:\/\/mafiawanaca.com\/#\/schema\/logo\/image\/","url":"https:\/\/mafiawanaca.com\/wp-content\/uploads\/2023\/02\/logo.gif","contentUrl":"https:\/\/mafiawanaca.com\/wp-content\/uploads\/2023\/02\/logo.gif","width":270,"height":419,"caption":"Mafia Wanaca"},"image":{"@id":"https:\/\/mafiawanaca.com\/#\/schema\/logo\/image\/"},"sameAs":["https:\/\/www.instagram.com\/mafiawanaca\/?hl=fr","https:\/\/www.facebook.com\/profile.php?id=100044507647624"]}]}},"_links":{"self":[{"href":"https:\/\/mafiawanaca.com\/index.php\/wp-json\/wp\/v2\/pages\/20","targetHints":{"allow":["GET"]}}],"collection":[{"href":"https:\/\/mafiawanaca.com\/index.php\/wp-json\/wp\/v2\/pages"}],"about":[{"href":"https:\/\/mafiawanaca.com\/index.php\/wp-json\/wp\/v2\/types\/page"}],"author":[{"embeddable":true,"href":"https:\/\/mafiawanaca.com\/index.php\/wp-json\/wp\/v2\/users\/1"}],"replies":[{"embeddable":true,"href":"https:\/\/mafiawanaca.com\/index.php\/wp-json\/wp\/v2\/comments?post=20"}],"version-history":[{"count":10,"href":"https:\/\/mafiawanaca.com\/index.php\/wp-json\/wp\/v2\/pages\/20\/revisions"}],"predecessor-version":[{"id":103,"href":"https:\/\/mafiawanaca.com\/index.php\/wp-json\/wp\/v2\/pages\/20\/revisions\/103"}],"wp:attachment":[{"href":"https:\/\/mafiawanaca.com\/index.php\/wp-json\/wp\/v2\/media?parent=20"}],"curies":[{"name":"wp","href":"https:\/\/api.w.org\/{rel}","templated":true}]}}